{"id":977,"date":"2016-10-18T13:57:56","date_gmt":"2016-10-18T12:57:56","guid":{"rendered":"http:\/\/toilesdefrance.com\/?post_type=product&#038;p=977"},"modified":"2017-01-05T16:58:50","modified_gmt":"2017-01-05T15:58:50","slug":"extra-panoramiques-extra-lisse-6-couches-25x60-cm","status":"publish","type":"product","link":"https:\/\/toilesdefrance.com\/?product=extra-panoramiques-extra-lisse-6-couches-25x60-cm","title":{"rendered":"Extra &#8211; Panoramiques &#8211; Extra Lisse (6 couches) 25&#215;60 cm"},"content":{"rendered":"<p>Fabrication artisanale de haute qualit\u00e9<br \/>\nCh\u00e2ssis \u00e0 cl\u00e9s<br \/>\nBois de sapin, section 2,4&#215;4,5 cm<br \/>\nFabriqu\u00e9 en France dans notre atelier<\/p>\n","protected":false},"excerpt":{"rendered":"<p>Extra &#8211; Panoramiques &#8211; Extra Lisse (6 couches) 25&#215;60 cm<\/p>\n","protected":false},"featured_media":825,"comment_status":"open","ping_status":"closed","template":"","meta":[],"product_cat":[61,70],"product_tag":[],"class_list":{"0":"post-977","1":"product","2":"type-product","3":"status-publish","4":"has-post-thumbnail","6":"product_cat-chassis-entoiles-extra-lisses-6-couches","7":"product_cat-extra-panoramiques-extra-lisses","8":"product_shipping_class-cole","10":"first","11":"instock","12":"purchasable","13":"product-type-simple"},"_links":{"self":[{"href":"https:\/\/toilesdefrance.com\/index.php?rest_route=\/wp\/v2\/product\/977"}],"collection":[{"href":"https:\/\/toilesdefrance.com\/index.php?rest_route=\/wp\/v2\/product"}],"about":[{"href":"https:\/\/toilesdefrance.com\/index.php?rest_route=\/wp\/v2\/types\/product"}],"replies":[{"embeddable":true,"href":"https:\/\/toilesdefrance.com\/index.php?rest_route=%2Fwp%2Fv2%2Fcomments&post=977"}],"wp:featuredmedia":[{"embeddable":true,"href":"https:\/\/toilesdefrance.com\/index.php?rest_route=\/wp\/v2\/media\/825"}],"wp:attachment":[{"href":"https:\/\/toilesdefrance.com\/index.php?rest_route=%2Fwp%2Fv2%2Fmedia&parent=977"}],"wp:term":[{"taxonomy":"product_cat","embeddable":true,"href":"https:\/\/toilesdefrance.com\/index.php?rest_route=%2Fwp%2Fv2%2Fproduct_cat&post=977"},{"taxonomy":"product_tag","embeddable":true,"href":"https:\/\/toilesdefrance.com\/index.php?rest_route=%2Fwp%2Fv2%2Fproduct_tag&post=977"}],"curies":[{"name":"wp","href":"https:\/\/api.w.org\/{rel}","templated":true}]}}