{"id":955,"date":"2016-10-17T18:49:10","date_gmt":"2016-10-17T17:49:10","guid":{"rendered":"http:\/\/toilesdefrance.com\/?post_type=product&#038;p=955"},"modified":"2019-11-12T11:13:04","modified_gmt":"2019-11-12T10:13:04","slug":"double-carre-extra-lisse-6-couches-100x200-cm","status":"publish","type":"product","link":"https:\/\/toilesdefrance.com\/?product=double-carre-extra-lisse-6-couches-100x200-cm","title":{"rendered":"Double carr\u00e9 &#8211; extra lisse (6 couches) 100&#215;200 cm"},"content":{"rendered":"<p>Ch\u00e2ssis entoil\u00e9s de haute qualit\u00e9.<br \/>\nCh\u00e2ssis \u00e0 cl\u00e9s.<br \/>\nBois de sapin, section 2,8&#215;6,3 cm<br \/>\nTrois entretoises (double croix).<br \/>\nToile de lin 300gr\/m2, triple encollage, six enductions au sabre et pon\u00e7age.<br \/>\nAgraf\u00e9es \u00e0 l\u2019arri\u00e8re.<br \/>\nFabriqu\u00e9 en France, pour vos tr\u00e9s grands formats.<br \/>\nLivrables d\u00e9mont\u00e9s, nous contacter.<\/p>\n<p><strong>Attention\u00a0: pour \u00e9viter la casse dans les transports, les grands formats (dont celui-ci) seront livr\u00e9s d\u00e9mont\u00e9s.<\/strong><\/p>\n<p>Afin de vous aider \u00e0 tendre vos toiles, nous avons cr\u00e9\u00e9 un tutoriel vid\u00e9o tr\u00e8s simple (2 minutes 30 en trois parties) visible sur ce lien\u00a0: <a href=\"https:\/\/www.youtube.com\/watch?v=GhZzOBQ7mQ4\">https:\/\/www.youtube.com\/watch?v=GhZzOBQ7mQ4<\/a><\/p>\n","protected":false},"excerpt":{"rendered":"<p>Double carr\u00e9 &#8211; extra lisse (6 couches) 100&#215;200 cm<\/p>\n","protected":false},"featured_media":825,"comment_status":"open","ping_status":"closed","template":"","meta":[],"product_cat":[61,68],"product_tag":[],"class_list":{"0":"post-955","1":"product","2":"type-product","3":"status-publish","4":"has-post-thumbnail","6":"product_cat-chassis-entoiles-extra-lisses-6-couches","7":"product_cat-double-carres-extra-lisses-6-couches","8":"product_shipping_class-tgfo","10":"first","11":"instock","12":"purchasable","13":"product-type-simple"},"_links":{"self":[{"href":"https:\/\/toilesdefrance.com\/index.php?rest_route=\/wp\/v2\/product\/955"}],"collection":[{"href":"https:\/\/toilesdefrance.com\/index.php?rest_route=\/wp\/v2\/product"}],"about":[{"href":"https:\/\/toilesdefrance.com\/index.php?rest_route=\/wp\/v2\/types\/product"}],"replies":[{"embeddable":true,"href":"https:\/\/toilesdefrance.com\/index.php?rest_route=%2Fwp%2Fv2%2Fcomments&post=955"}],"wp:featuredmedia":[{"embeddable":true,"href":"https:\/\/toilesdefrance.com\/index.php?rest_route=\/wp\/v2\/media\/825"}],"wp:attachment":[{"href":"https:\/\/toilesdefrance.com\/index.php?rest_route=%2Fwp%2Fv2%2Fmedia&parent=955"}],"wp:term":[{"taxonomy":"product_cat","embeddable":true,"href":"https:\/\/toilesdefrance.com\/index.php?rest_route=%2Fwp%2Fv2%2Fproduct_cat&post=955"},{"taxonomy":"product_tag","embeddable":true,"href":"https:\/\/toilesdefrance.com\/index.php?rest_route=%2Fwp%2Fv2%2Fproduct_tag&post=955"}],"curies":[{"name":"wp","href":"https:\/\/api.w.org\/{rel}","templated":true}]}}