{"id":940,"date":"2016-10-17T18:23:29","date_gmt":"2016-10-17T17:23:29","guid":{"rendered":"http:\/\/toilesdefrance.com\/?post_type=product&#038;p=940"},"modified":"2019-11-12T11:16:33","modified_gmt":"2019-11-12T10:16:33","slug":"carres-metriques-extra-lisse-6-couches-150x150cm","status":"publish","type":"product","link":"https:\/\/toilesdefrance.com\/?product=carres-metriques-extra-lisse-6-couches-150x150cm","title":{"rendered":"Carr\u00e9s m\u00e9triques Extra-Lisse (6 couches) 150x150cm"},"content":{"rendered":"<p>Ch\u00e2ssis entoil\u00e9s de haute qualit\u00e9.<br \/>\nCh\u00e2ssis \u00e0 cl\u00e9s.<br \/>\nBois de sapin, section 2,8&#215;6,3 cm<br \/>\nDeux entretoises (une croix).<br \/>\nToile de lin 300gr\/m2, triple encollage, six enductions au sabre et pon\u00e7age.<br \/>\nAgraf\u00e9es \u00e0 l\u2019arri\u00e8re.<br \/>\nFabriqu\u00e9 en France, pour tous vos formats grands formats.<\/p>\n<p><strong>Attention\u00a0: pour \u00e9viter la casse dans les transports, les grands formats (dont celui-ci) seront livr\u00e9s d\u00e9mont\u00e9s.<\/strong><\/p>\n<p>Afin de vous aider \u00e0 tendre vos toiles, nous avons cr\u00e9\u00e9 un tutoriel vid\u00e9o tr\u00e8s simple (2 minutes 30 en trois parties) visible sur ce lien\u00a0: <a href=\"https:\/\/www.youtube.com\/watch?v=GhZzOBQ7mQ4\">https:\/\/www.youtube.com\/watch?v=GhZzOBQ7mQ4<\/a><\/p>\n","protected":false},"excerpt":{"rendered":"<p>Carr\u00e9s m\u00e9triques Extra-Lisse (6 couches) 150x150cm<\/p>\n","protected":false},"featured_media":825,"comment_status":"open","ping_status":"closed","template":"","meta":[],"product_cat":[61,66],"product_tag":[],"class_list":{"0":"post-940","1":"product","2":"type-product","3":"status-publish","4":"has-post-thumbnail","6":"product_cat-chassis-entoiles-extra-lisses-6-couches","7":"product_cat-carres-metriques-extra-lisse-6-couches","8":"product_shipping_class-cole","10":"first","11":"instock","12":"purchasable","13":"product-type-simple"},"_links":{"self":[{"href":"https:\/\/toilesdefrance.com\/index.php?rest_route=\/wp\/v2\/product\/940"}],"collection":[{"href":"https:\/\/toilesdefrance.com\/index.php?rest_route=\/wp\/v2\/product"}],"about":[{"href":"https:\/\/toilesdefrance.com\/index.php?rest_route=\/wp\/v2\/types\/product"}],"replies":[{"embeddable":true,"href":"https:\/\/toilesdefrance.com\/index.php?rest_route=%2Fwp%2Fv2%2Fcomments&post=940"}],"wp:featuredmedia":[{"embeddable":true,"href":"https:\/\/toilesdefrance.com\/index.php?rest_route=\/wp\/v2\/media\/825"}],"wp:attachment":[{"href":"https:\/\/toilesdefrance.com\/index.php?rest_route=%2Fwp%2Fv2%2Fmedia&parent=940"}],"wp:term":[{"taxonomy":"product_cat","embeddable":true,"href":"https:\/\/toilesdefrance.com\/index.php?rest_route=%2Fwp%2Fv2%2Fproduct_cat&post=940"},{"taxonomy":"product_tag","embeddable":true,"href":"https:\/\/toilesdefrance.com\/index.php?rest_route=%2Fwp%2Fv2%2Fproduct_tag&post=940"}],"curies":[{"name":"wp","href":"https:\/\/api.w.org\/{rel}","templated":true}]}}