{"id":933,"date":"2016-10-17T18:15:27","date_gmt":"2016-10-17T17:15:27","guid":{"rendered":"http:\/\/toilesdefrance.com\/?post_type=product&#038;p=933"},"modified":"2016-10-17T18:39:24","modified_gmt":"2016-10-17T17:39:24","slug":"carres-metriques-extra-lisse-6-couches-110x110cm","status":"publish","type":"product","link":"https:\/\/toilesdefrance.com\/?product=carres-metriques-extra-lisse-6-couches-110x110cm","title":{"rendered":"Carr\u00e9s m\u00e9triques Extra-Lisse (6 couches) 110x110cm"},"content":{"rendered":"<p>Ch\u00e2ssis entoil\u00e9s de haute qualit\u00e9.<br \/>\nCh\u00e2ssis \u00e0 cl\u00e9s.<br \/>\nBois de sapin, section 2,8&#215;6,3 cm<br \/>\nDeux entretoises (une croix).<br \/>\nToile de lin 300gr\/m2, triple encollage, six enductions au sabre et pon\u00e7age.<br \/>\nAgraf\u00e9es \u00e0 l\u2019arri\u00e8re.<br \/>\nFabriqu\u00e9 en France, pour tous vos formats grands formats.<\/p>\n","protected":false},"excerpt":{"rendered":"<p>Carr\u00e9s m\u00e9triques Extra-Lisse (6 couches) 110x110cm<\/p>\n","protected":false},"featured_media":825,"comment_status":"open","ping_status":"closed","template":"","meta":[],"product_cat":[61,66],"product_tag":[],"class_list":{"0":"post-933","1":"product","2":"type-product","3":"status-publish","4":"has-post-thumbnail","6":"product_cat-chassis-entoiles-extra-lisses-6-couches","7":"product_cat-carres-metriques-extra-lisse-6-couches","9":"first","10":"instock","11":"taxable","12":"shipping-taxable","13":"purchasable","14":"product-type-simple"},"_links":{"self":[{"href":"https:\/\/toilesdefrance.com\/index.php?rest_route=\/wp\/v2\/product\/933"}],"collection":[{"href":"https:\/\/toilesdefrance.com\/index.php?rest_route=\/wp\/v2\/product"}],"about":[{"href":"https:\/\/toilesdefrance.com\/index.php?rest_route=\/wp\/v2\/types\/product"}],"replies":[{"embeddable":true,"href":"https:\/\/toilesdefrance.com\/index.php?rest_route=%2Fwp%2Fv2%2Fcomments&post=933"}],"wp:featuredmedia":[{"embeddable":true,"href":"https:\/\/toilesdefrance.com\/index.php?rest_route=\/wp\/v2\/media\/825"}],"wp:attachment":[{"href":"https:\/\/toilesdefrance.com\/index.php?rest_route=%2Fwp%2Fv2%2Fmedia&parent=933"}],"wp:term":[{"taxonomy":"product_cat","embeddable":true,"href":"https:\/\/toilesdefrance.com\/index.php?rest_route=%2Fwp%2Fv2%2Fproduct_cat&post=933"},{"taxonomy":"product_tag","embeddable":true,"href":"https:\/\/toilesdefrance.com\/index.php?rest_route=%2Fwp%2Fv2%2Fproduct_tag&post=933"}],"curies":[{"name":"wp","href":"https:\/\/api.w.org\/{rel}","templated":true}]}}