{"id":92,"date":"2016-09-17T10:31:40","date_gmt":"2016-09-17T09:31:40","guid":{"rendered":"http:\/\/wordpress2.toilesdefrance.com\/?post_type=product&#038;p=92"},"modified":"2023-02-27T20:50:09","modified_gmt":"2023-02-27T19:50:09","slug":"m1-22x12cm","status":"publish","type":"product","link":"https:\/\/toilesdefrance.com\/?product=m1-22x12cm","title":{"rendered":"Marine 1 &#8211; 22x12cm"},"content":{"rendered":"<p>Ch\u00e2ssis entoil\u00e9s de haute qualit\u00e9.<\/p>\n<p>Ch\u00e2ssis \u00e0 cl\u00e9s.<\/p>\n<p>Bois de sapin, section 2,4&#215;4,5 cm<\/p>\n<p>Toile de lin 300gr\/m2, triple encollage, triple enduction.<\/p>\n<p>Agraf\u00e9e \u00e0 l\u2019arri\u00e8re.<\/p>\n<p>Fabriqu\u00e9 en France, pour tous vos petits formats\u00a0!<\/p>\n","protected":false},"excerpt":{"rendered":"<p>Ch\u00e2ssis entoil\u00e9 Marine 1 &#8211; 22x12cm<\/p>\n","protected":false},"featured_media":471,"comment_status":"open","ping_status":"closed","template":"","meta":[],"product_cat":[8,11],"product_tag":[],"class_list":{"0":"post-92","1":"product","2":"type-product","3":"status-publish","4":"has-post-thumbnail","6":"product_cat-chassis-entoiles","7":"product_cat-marine","8":"product_shipping_class-cole","10":"first","11":"instock","12":"purchasable","13":"product-type-simple"},"_links":{"self":[{"href":"https:\/\/toilesdefrance.com\/index.php?rest_route=\/wp\/v2\/product\/92"}],"collection":[{"href":"https:\/\/toilesdefrance.com\/index.php?rest_route=\/wp\/v2\/product"}],"about":[{"href":"https:\/\/toilesdefrance.com\/index.php?rest_route=\/wp\/v2\/types\/product"}],"replies":[{"embeddable":true,"href":"https:\/\/toilesdefrance.com\/index.php?rest_route=%2Fwp%2Fv2%2Fcomments&post=92"}],"wp:featuredmedia":[{"embeddable":true,"href":"https:\/\/toilesdefrance.com\/index.php?rest_route=\/wp\/v2\/media\/471"}],"wp:attachment":[{"href":"https:\/\/toilesdefrance.com\/index.php?rest_route=%2Fwp%2Fv2%2Fmedia&parent=92"}],"wp:term":[{"taxonomy":"product_cat","embeddable":true,"href":"https:\/\/toilesdefrance.com\/index.php?rest_route=%2Fwp%2Fv2%2Fproduct_cat&post=92"},{"taxonomy":"product_tag","embeddable":true,"href":"https:\/\/toilesdefrance.com\/index.php?rest_route=%2Fwp%2Fv2%2Fproduct_tag&post=92"}],"curies":[{"name":"wp","href":"https:\/\/api.w.org\/{rel}","templated":true}]}}