{"id":873,"date":"2016-10-14T09:57:31","date_gmt":"2016-10-14T08:57:31","guid":{"rendered":"http:\/\/toilesdefrance.com\/?post_type=product&#038;p=873"},"modified":"2016-10-14T10:20:57","modified_gmt":"2016-10-14T09:20:57","slug":"marine-0-extra-lisse-6-couches-18x10cm","status":"publish","type":"product","link":"https:\/\/toilesdefrance.com\/?product=marine-0-extra-lisse-6-couches-18x10cm","title":{"rendered":"Marine 0 Extra-Lisse (6 couches) 18x10cm"},"content":{"rendered":"<p>Ch\u00e2ssis entoil\u00e9s de haute qualit\u00e9.<br \/>\nCh\u00e2ssis \u00e0 cl\u00e9s.<br \/>\nBois de sapin, section 2,4&#215;4,5 cm<br \/>\nToile de lin 300gr\/m2, triple encollage,  six enductions au sabre et pon\u00e7age.<br \/>\nAgraf\u00e9e \u00e0 l\u2019arri\u00e8re.<br \/>\nFabriqu\u00e9 en France, pour tous vos petits formats\u00a0!<\/p>\n","protected":false},"excerpt":{"rendered":"<p>Marine 0 Extra-Lisse (6 couches) 18x10cm<\/p>\n","protected":false},"featured_media":825,"comment_status":"open","ping_status":"closed","template":"","meta":[],"product_cat":[51,54,61,64],"product_tag":[],"class_list":{"0":"post-873","1":"product","2":"type-product","3":"status-publish","4":"has-post-thumbnail","6":"product_cat-chassis-entoiles-rouges-imprimature","7":"product_cat-marine-rouge-imprimature","8":"product_cat-chassis-entoiles-extra-lisses-6-couches","9":"product_cat-marine-extra-lisse-6-couches","10":"product_shipping_class-cole","12":"first","13":"instock","14":"purchasable","15":"product-type-simple"},"_links":{"self":[{"href":"https:\/\/toilesdefrance.com\/index.php?rest_route=\/wp\/v2\/product\/873"}],"collection":[{"href":"https:\/\/toilesdefrance.com\/index.php?rest_route=\/wp\/v2\/product"}],"about":[{"href":"https:\/\/toilesdefrance.com\/index.php?rest_route=\/wp\/v2\/types\/product"}],"replies":[{"embeddable":true,"href":"https:\/\/toilesdefrance.com\/index.php?rest_route=%2Fwp%2Fv2%2Fcomments&post=873"}],"wp:featuredmedia":[{"embeddable":true,"href":"https:\/\/toilesdefrance.com\/index.php?rest_route=\/wp\/v2\/media\/825"}],"wp:attachment":[{"href":"https:\/\/toilesdefrance.com\/index.php?rest_route=%2Fwp%2Fv2%2Fmedia&parent=873"}],"wp:term":[{"taxonomy":"product_cat","embeddable":true,"href":"https:\/\/toilesdefrance.com\/index.php?rest_route=%2Fwp%2Fv2%2Fproduct_cat&post=873"},{"taxonomy":"product_tag","embeddable":true,"href":"https:\/\/toilesdefrance.com\/index.php?rest_route=%2Fwp%2Fv2%2Fproduct_tag&post=873"}],"curies":[{"name":"wp","href":"https:\/\/api.w.org\/{rel}","templated":true}]}}