{"id":822,"date":"2016-10-13T16:35:51","date_gmt":"2016-10-13T15:35:51","guid":{"rendered":"http:\/\/toilesdefrance.com\/?post_type=product&#038;p=822"},"modified":"2019-11-12T11:22:38","modified_gmt":"2019-11-12T10:22:38","slug":"sur-mesure-29","status":"publish","type":"product","link":"https:\/\/toilesdefrance.com\/?product=sur-mesure-29","title":{"rendered":"SUR MESURE"},"content":{"rendered":"<p>Pour tous vos formats sur mesure, n&rsquo;h\u00e9sitez pas \u00e0 nous contacter directement par mail ou au 0698456231!<\/p>\n<p>Nos formats sur-mesure sont sans frais suppl\u00e9mentaires! Il vous suffit de comparer votre format au tarif d&rsquo;un format approchant.<\/p>\n<p><strong>Attention\u00a0: pour \u00e9viter la casse dans les transports, les grands formats (dont celui-ci) seront livr\u00e9s d\u00e9mont\u00e9s.<\/strong><\/p>\n<p>Afin de vous aider \u00e0 tendre vos toiles, nous avons cr\u00e9\u00e9 un tutoriel vid\u00e9o tr\u00e8s simple (2 minutes 30 en trois parties) visible sur ce lien\u00a0: <a href=\"https:\/\/www.youtube.com\/watch?v=GhZzOBQ7mQ4\">https:\/\/www.youtube.com\/watch?v=GhZzOBQ7mQ4<\/a><\/p>\n","protected":false},"excerpt":{"rendered":"<p>Pour tous vos formats sur mesure n&rsquo;h\u00e9sitez pas \u00e0 nous contacter directement par mail ou au 0698456231!<\/p>\n","protected":false},"featured_media":662,"comment_status":"open","ping_status":"closed","template":"","meta":[],"product_cat":[51,60],"product_tag":[],"class_list":{"0":"post-822","1":"product","2":"type-product","3":"status-publish","4":"has-post-thumbnail","6":"product_cat-chassis-entoiles-rouges-imprimature","7":"product_cat-extra-panoramiques-rouges-imprimature","9":"first","10":"instock","11":"taxable","12":"shipping-taxable","13":"product-type-simple"},"_links":{"self":[{"href":"https:\/\/toilesdefrance.com\/index.php?rest_route=\/wp\/v2\/product\/822"}],"collection":[{"href":"https:\/\/toilesdefrance.com\/index.php?rest_route=\/wp\/v2\/product"}],"about":[{"href":"https:\/\/toilesdefrance.com\/index.php?rest_route=\/wp\/v2\/types\/product"}],"replies":[{"embeddable":true,"href":"https:\/\/toilesdefrance.com\/index.php?rest_route=%2Fwp%2Fv2%2Fcomments&post=822"}],"wp:featuredmedia":[{"embeddable":true,"href":"https:\/\/toilesdefrance.com\/index.php?rest_route=\/wp\/v2\/media\/662"}],"wp:attachment":[{"href":"https:\/\/toilesdefrance.com\/index.php?rest_route=%2Fwp%2Fv2%2Fmedia&parent=822"}],"wp:term":[{"taxonomy":"product_cat","embeddable":true,"href":"https:\/\/toilesdefrance.com\/index.php?rest_route=%2Fwp%2Fv2%2Fproduct_cat&post=822"},{"taxonomy":"product_tag","embeddable":true,"href":"https:\/\/toilesdefrance.com\/index.php?rest_route=%2Fwp%2Fv2%2Fproduct_tag&post=822"}],"curies":[{"name":"wp","href":"https:\/\/api.w.org\/{rel}","templated":true}]}}