{"id":691,"date":"2016-10-12T14:12:48","date_gmt":"2016-10-12T13:12:48","guid":{"rendered":"http:\/\/toilesdefrance.com\/?post_type=product&#038;p=691"},"modified":"2016-10-12T14:12:48","modified_gmt":"2016-10-12T13:12:48","slug":"paysage-4-rouge-33x22cm","status":"publish","type":"product","link":"https:\/\/toilesdefrance.com\/?product=paysage-4-rouge-33x22cm","title":{"rendered":"Paysage 4  Rouge &#8211; 33x22cm"},"content":{"rendered":"<p>Ch\u00e2ssis entoil\u00e9s de haute qualit\u00e9.<br \/>\nCh\u00e2ssis \u00e0 cl\u00e9s.<br \/>\nBois de sapin, section 2,4&#215;4,5 cm<br \/>\nToile de lin 300gr\/m2, triple encollage, triple enduction rouge.<br \/>\nAgraf\u00e9e \u00e0 l\u2019arri\u00e8re.<br \/>\nFabriqu\u00e9 en France, pour tous vos petits formats !<\/p>\n","protected":false},"excerpt":{"rendered":"<p>Paysage 4 Rouge &#8211; 33x22cm<\/p>\n","protected":false},"featured_media":662,"comment_status":"open","ping_status":"closed","template":"","meta":[],"product_cat":[51,53],"product_tag":[],"class_list":{"0":"post-691","1":"product","2":"type-product","3":"status-publish","4":"has-post-thumbnail","6":"product_cat-chassis-entoiles-rouges-imprimature","7":"product_cat-paysage-rouge-imprimature","8":"product_shipping_class-cole","10":"first","11":"instock","12":"purchasable","13":"product-type-simple"},"_links":{"self":[{"href":"https:\/\/toilesdefrance.com\/index.php?rest_route=\/wp\/v2\/product\/691"}],"collection":[{"href":"https:\/\/toilesdefrance.com\/index.php?rest_route=\/wp\/v2\/product"}],"about":[{"href":"https:\/\/toilesdefrance.com\/index.php?rest_route=\/wp\/v2\/types\/product"}],"replies":[{"embeddable":true,"href":"https:\/\/toilesdefrance.com\/index.php?rest_route=%2Fwp%2Fv2%2Fcomments&post=691"}],"wp:featuredmedia":[{"embeddable":true,"href":"https:\/\/toilesdefrance.com\/index.php?rest_route=\/wp\/v2\/media\/662"}],"wp:attachment":[{"href":"https:\/\/toilesdefrance.com\/index.php?rest_route=%2Fwp%2Fv2%2Fmedia&parent=691"}],"wp:term":[{"taxonomy":"product_cat","embeddable":true,"href":"https:\/\/toilesdefrance.com\/index.php?rest_route=%2Fwp%2Fv2%2Fproduct_cat&post=691"},{"taxonomy":"product_tag","embeddable":true,"href":"https:\/\/toilesdefrance.com\/index.php?rest_route=%2Fwp%2Fv2%2Fproduct_tag&post=691"}],"curies":[{"name":"wp","href":"https:\/\/api.w.org\/{rel}","templated":true}]}}