{"id":679,"date":"2016-10-11T12:04:44","date_gmt":"2016-10-11T11:04:44","guid":{"rendered":"http:\/\/toilesdefrance.com\/?post_type=product&#038;p=679"},"modified":"2024-11-10T03:57:56","modified_gmt":"2024-11-10T02:57:56","slug":"figure-50-rouge-116x89cm","status":"publish","type":"product","link":"https:\/\/toilesdefrance.com\/?product=figure-50-rouge-116x89cm","title":{"rendered":"Figure 50  Rouge &#8211; 116x89cm"},"content":{"rendered":"<p>Ch\u00e2ssis \u00e0 cl\u00e9s.<br \/>\nBois de sapin, section 2,8&#215;6,3 cm<br \/>\nDeux entretoises (une croix).<br \/>\nToile de lin 300gr\/m2, triple encollage, triple enduction rouge (imprimature).<br \/>\nAgraf\u00e9e \u00e0 l\u2019arri\u00e8re.<br \/>\nFabriqu\u00e9 en France, pour tous vos formats grands formats.<\/p>\n","protected":false},"excerpt":{"rendered":"<p>Figure 50 Rouge &#8211; 116x89cm<\/p>\n","protected":false},"featured_media":662,"comment_status":"open","ping_status":"closed","template":"","meta":[],"product_cat":[51,52],"product_tag":[],"class_list":{"0":"post-679","1":"product","2":"type-product","3":"status-publish","4":"has-post-thumbnail","6":"product_cat-chassis-entoiles-rouges-imprimature","7":"product_cat-figure-rouge-imprimature","8":"product_shipping_class-cole","10":"first","11":"instock","12":"purchasable","13":"product-type-simple"},"_links":{"self":[{"href":"https:\/\/toilesdefrance.com\/index.php?rest_route=\/wp\/v2\/product\/679"}],"collection":[{"href":"https:\/\/toilesdefrance.com\/index.php?rest_route=\/wp\/v2\/product"}],"about":[{"href":"https:\/\/toilesdefrance.com\/index.php?rest_route=\/wp\/v2\/types\/product"}],"replies":[{"embeddable":true,"href":"https:\/\/toilesdefrance.com\/index.php?rest_route=%2Fwp%2Fv2%2Fcomments&post=679"}],"wp:featuredmedia":[{"embeddable":true,"href":"https:\/\/toilesdefrance.com\/index.php?rest_route=\/wp\/v2\/media\/662"}],"wp:attachment":[{"href":"https:\/\/toilesdefrance.com\/index.php?rest_route=%2Fwp%2Fv2%2Fmedia&parent=679"}],"wp:term":[{"taxonomy":"product_cat","embeddable":true,"href":"https:\/\/toilesdefrance.com\/index.php?rest_route=%2Fwp%2Fv2%2Fproduct_cat&post=679"},{"taxonomy":"product_tag","embeddable":true,"href":"https:\/\/toilesdefrance.com\/index.php?rest_route=%2Fwp%2Fv2%2Fproduct_tag&post=679"}],"curies":[{"name":"wp","href":"https:\/\/api.w.org\/{rel}","templated":true}]}}