{"id":554,"date":"2016-09-27T12:30:51","date_gmt":"2016-09-27T11:30:51","guid":{"rendered":"http:\/\/wordpress2.toilesdefrance.com\/?post_type=product&#038;p=554"},"modified":"2023-02-28T21:40:31","modified_gmt":"2023-02-28T20:40:31","slug":"chassis-nus-ronds-diametre-110cm","status":"publish","type":"product","link":"https:\/\/toilesdefrance.com\/?product=chassis-nus-ronds-diametre-110cm","title":{"rendered":"Ch\u00e2ssis Nus Ronds &#8211; Diam\u00e8tre 110cm"},"content":{"rendered":"<p>Fabriqu\u00e9s en France.<\/p>\n<p>Ch\u00e2ssis en contreplaqu\u00e9.<\/p>\n","protected":false},"excerpt":{"rendered":"<p>Ch\u00e2ssis Nus Ronds &#8211; Diam\u00e8tre 110cm<\/p>\n","protected":false},"featured_media":530,"comment_status":"open","ping_status":"closed","template":"","meta":[],"product_cat":[111],"product_tag":[],"class_list":{"0":"post-554","1":"product","2":"type-product","3":"status-publish","4":"has-post-thumbnail","6":"product_cat-ronds","8":"first","9":"instock","10":"taxable","11":"shipping-taxable","12":"purchasable","13":"product-type-simple"},"_links":{"self":[{"href":"https:\/\/toilesdefrance.com\/index.php?rest_route=\/wp\/v2\/product\/554"}],"collection":[{"href":"https:\/\/toilesdefrance.com\/index.php?rest_route=\/wp\/v2\/product"}],"about":[{"href":"https:\/\/toilesdefrance.com\/index.php?rest_route=\/wp\/v2\/types\/product"}],"replies":[{"embeddable":true,"href":"https:\/\/toilesdefrance.com\/index.php?rest_route=%2Fwp%2Fv2%2Fcomments&post=554"}],"wp:featuredmedia":[{"embeddable":true,"href":"https:\/\/toilesdefrance.com\/index.php?rest_route=\/wp\/v2\/media\/530"}],"wp:attachment":[{"href":"https:\/\/toilesdefrance.com\/index.php?rest_route=%2Fwp%2Fv2%2Fmedia&parent=554"}],"wp:term":[{"taxonomy":"product_cat","embeddable":true,"href":"https:\/\/toilesdefrance.com\/index.php?rest_route=%2Fwp%2Fv2%2Fproduct_cat&post=554"},{"taxonomy":"product_tag","embeddable":true,"href":"https:\/\/toilesdefrance.com\/index.php?rest_route=%2Fwp%2Fv2%2Fproduct_tag&post=554"}],"curies":[{"name":"wp","href":"https:\/\/api.w.org\/{rel}","templated":true}]}}