{"id":486,"date":"2016-09-25T10:22:57","date_gmt":"2016-09-25T09:22:57","guid":{"rendered":"http:\/\/wordpress2.toilesdefrance.com\/?post_type=product&#038;p=486"},"modified":"2023-02-28T21:51:33","modified_gmt":"2023-02-28T20:51:33","slug":"toiles-rondes-diametre-170cm","status":"publish","type":"product","link":"https:\/\/toilesdefrance.com\/?product=toiles-rondes-diametre-170cm","title":{"rendered":"Toiles Rondes &#8211; Diam\u00e8tre 170cm"},"content":{"rendered":"<p>Fabriqu\u00e9s en France.<\/p>\n<p>Ch\u00e2ssis entoil\u00e9s de haute qualit\u00e9.<\/p>\n<p>Contreplaqu\u00e9.<\/p>\n<p>Toiles de lin 300gr\/m2.<\/p>\n<p>Triple encollage, triple enduction.<\/p>\n<p>Agraf\u00e9e \u00e0 l\u2019arri\u00e8re.<\/p>\n<p><strong>Attention\u00a0: pour \u00e9viter la casse dans les transports, les grands formats (dont celui-ci) seront livr\u00e9s d\u00e9mont\u00e9s.<\/strong><\/p>\n<p>Afin de vous aider \u00e0 tendre vos toiles, nous avons cr\u00e9\u00e9 un tutoriel vid\u00e9o tr\u00e8s simple (2 minutes 30 en trois parties) visible sur ce lien\u00a0: <a href=\"https:\/\/www.youtube.com\/watch?v=GhZzOBQ7mQ4\">https:\/\/www.youtube.com\/watch?v=GhZzOBQ7mQ4<\/a><\/p>\n","protected":false},"excerpt":{"rendered":"<p>Toiles Rondes Diam\u00e8tre 170cm<\/p>\n","protected":false},"featured_media":528,"comment_status":"open","ping_status":"closed","template":"","meta":[],"product_cat":[111],"product_tag":[],"class_list":{"0":"post-486","1":"product","2":"type-product","3":"status-publish","4":"has-post-thumbnail","6":"product_cat-ronds","7":"product_shipping_class-cole","9":"first","10":"instock","11":"purchasable","12":"product-type-simple"},"_links":{"self":[{"href":"https:\/\/toilesdefrance.com\/index.php?rest_route=\/wp\/v2\/product\/486"}],"collection":[{"href":"https:\/\/toilesdefrance.com\/index.php?rest_route=\/wp\/v2\/product"}],"about":[{"href":"https:\/\/toilesdefrance.com\/index.php?rest_route=\/wp\/v2\/types\/product"}],"replies":[{"embeddable":true,"href":"https:\/\/toilesdefrance.com\/index.php?rest_route=%2Fwp%2Fv2%2Fcomments&post=486"}],"wp:featuredmedia":[{"embeddable":true,"href":"https:\/\/toilesdefrance.com\/index.php?rest_route=\/wp\/v2\/media\/528"}],"wp:attachment":[{"href":"https:\/\/toilesdefrance.com\/index.php?rest_route=%2Fwp%2Fv2%2Fmedia&parent=486"}],"wp:term":[{"taxonomy":"product_cat","embeddable":true,"href":"https:\/\/toilesdefrance.com\/index.php?rest_route=%2Fwp%2Fv2%2Fproduct_cat&post=486"},{"taxonomy":"product_tag","embeddable":true,"href":"https:\/\/toilesdefrance.com\/index.php?rest_route=%2Fwp%2Fv2%2Fproduct_tag&post=486"}],"curies":[{"name":"wp","href":"https:\/\/api.w.org\/{rel}","templated":true}]}}