{"id":467,"date":"2016-09-19T16:05:28","date_gmt":"2016-09-19T15:05:28","guid":{"rendered":"http:\/\/wordpress2.toilesdefrance.com\/?post_type=product&#038;p=467"},"modified":"2023-02-27T21:31:31","modified_gmt":"2023-02-27T20:31:31","slug":"chassis-nus-carres-100-162x162cm","status":"publish","type":"product","link":"https:\/\/toilesdefrance.com\/?product=chassis-nus-carres-100-162x162cm","title":{"rendered":"Ch\u00e2ssis Nus Carr\u00e9s 100 &#8211; 162x162cm"},"content":{"rendered":"<p>Ch\u00e2ssis nus de haute qualit\u00e9.<\/p>\n<p>Ch\u00e2ssis \u00e0 cl\u00e9s fabriqu\u00e9 en France.<\/p>\n<p>Bois de sapin section 2,8&#215;6,3cm<\/p>\n<p>deux entretoise (une croix).<\/p>\n<p>Pour entoiler vos grands formats.<\/p>\n","protected":false},"excerpt":{"rendered":"<p>Ch\u00e2ssis Nus Carr\u00e9s 100 &#8211; 162x162cm<\/p>\n","protected":false},"featured_media":511,"comment_status":"open","ping_status":"closed","template":"","meta":[],"product_cat":[19,23],"product_tag":[],"class_list":{"0":"post-467","1":"product","2":"type-product","3":"status-publish","4":"has-post-thumbnail","6":"product_cat-chassis-nus","7":"product_cat-chassis-nus-carres","9":"first","10":"instock","11":"purchasable","12":"product-type-simple"},"_links":{"self":[{"href":"https:\/\/toilesdefrance.com\/index.php?rest_route=\/wp\/v2\/product\/467"}],"collection":[{"href":"https:\/\/toilesdefrance.com\/index.php?rest_route=\/wp\/v2\/product"}],"about":[{"href":"https:\/\/toilesdefrance.com\/index.php?rest_route=\/wp\/v2\/types\/product"}],"replies":[{"embeddable":true,"href":"https:\/\/toilesdefrance.com\/index.php?rest_route=%2Fwp%2Fv2%2Fcomments&post=467"}],"wp:featuredmedia":[{"embeddable":true,"href":"https:\/\/toilesdefrance.com\/index.php?rest_route=\/wp\/v2\/media\/511"}],"wp:attachment":[{"href":"https:\/\/toilesdefrance.com\/index.php?rest_route=%2Fwp%2Fv2%2Fmedia&parent=467"}],"wp:term":[{"taxonomy":"product_cat","embeddable":true,"href":"https:\/\/toilesdefrance.com\/index.php?rest_route=%2Fwp%2Fv2%2Fproduct_cat&post=467"},{"taxonomy":"product_tag","embeddable":true,"href":"https:\/\/toilesdefrance.com\/index.php?rest_route=%2Fwp%2Fv2%2Fproduct_tag&post=467"}],"curies":[{"name":"wp","href":"https:\/\/api.w.org\/{rel}","templated":true}]}}