{"id":446,"date":"2016-09-19T15:08:55","date_gmt":"2016-09-19T14:08:55","guid":{"rendered":"http:\/\/wordpress2.toilesdefrance.com\/?post_type=product&#038;p=446"},"modified":"2023-02-28T21:33:19","modified_gmt":"2023-02-28T20:33:19","slug":"chassis-nus-grands-formats-180x200cm","status":"publish","type":"product","link":"https:\/\/toilesdefrance.com\/?product=chassis-nus-grands-formats-180x200cm","title":{"rendered":"Ch\u00e2ssis Nus Grands Formats &#8211; 180x200cm"},"content":{"rendered":"<p>Ch\u00e2ssis nus de haute qualit\u00e9.<\/p>\n<p>Ch\u00e2ssis \u00e0 cl\u00e9s fabriqu\u00e9 en France.<\/p>\n<p>Bois de sapin section 2,8&#215;6,3cm<\/p>\n<p>trois entretoise (double croix).<\/p>\n<p>Pour entoiler vos grands formats.<\/p>\n","protected":false},"excerpt":{"rendered":"<p>Ch\u00e2ssis Nus Grands Formats &#8211; 180x200cm<\/p>\n","protected":false},"featured_media":511,"comment_status":"open","ping_status":"closed","template":"","meta":[],"product_cat":[19,27],"product_tag":[],"class_list":{"0":"post-446","1":"product","2":"type-product","3":"status-publish","4":"has-post-thumbnail","6":"product_cat-chassis-nus","7":"product_cat-chassis-nus-grands-formats","9":"first","10":"instock","11":"taxable","12":"shipping-taxable","13":"purchasable","14":"product-type-simple"},"_links":{"self":[{"href":"https:\/\/toilesdefrance.com\/index.php?rest_route=\/wp\/v2\/product\/446"}],"collection":[{"href":"https:\/\/toilesdefrance.com\/index.php?rest_route=\/wp\/v2\/product"}],"about":[{"href":"https:\/\/toilesdefrance.com\/index.php?rest_route=\/wp\/v2\/types\/product"}],"replies":[{"embeddable":true,"href":"https:\/\/toilesdefrance.com\/index.php?rest_route=%2Fwp%2Fv2%2Fcomments&post=446"}],"wp:featuredmedia":[{"embeddable":true,"href":"https:\/\/toilesdefrance.com\/index.php?rest_route=\/wp\/v2\/media\/511"}],"wp:attachment":[{"href":"https:\/\/toilesdefrance.com\/index.php?rest_route=%2Fwp%2Fv2%2Fmedia&parent=446"}],"wp:term":[{"taxonomy":"product_cat","embeddable":true,"href":"https:\/\/toilesdefrance.com\/index.php?rest_route=%2Fwp%2Fv2%2Fproduct_cat&post=446"},{"taxonomy":"product_tag","embeddable":true,"href":"https:\/\/toilesdefrance.com\/index.php?rest_route=%2Fwp%2Fv2%2Fproduct_tag&post=446"}],"curies":[{"name":"wp","href":"https:\/\/api.w.org\/{rel}","templated":true}]}}