{"id":397,"date":"2016-09-19T13:19:52","date_gmt":"2016-09-19T12:19:52","guid":{"rendered":"http:\/\/wordpress2.toilesdefrance.com\/?post_type=product&#038;p=397"},"modified":"2023-02-27T21:16:32","modified_gmt":"2023-02-27T20:16:32","slug":"chassis-nus-p10-55x38cm","status":"publish","type":"product","link":"https:\/\/toilesdefrance.com\/?product=chassis-nus-p10-55x38cm","title":{"rendered":"Ch\u00e2ssis Nus P10 &#8211; 55x38cm"},"content":{"rendered":"<p>Ch\u00e2ssis nus de haute qualit\u00e9.<\/p>\n<p>Ch\u00e2ssis \u00e0 cl\u00e9s fabriqu\u00e9 en France.<\/p>\n<p>Bois de sapin section 2,4&#215;4,5cm<\/p>\n<p>une entretoise.<\/p>\n<p>Id\u00e9al pour tendre vos formats\u00a0classiques!<\/p>\n","protected":false},"excerpt":{"rendered":"<p>Ch\u00e2ssis nus P10 &#8211; 55x38cm<\/p>\n","protected":false},"featured_media":542,"comment_status":"open","ping_status":"closed","template":"","meta":[],"product_cat":[19,21],"product_tag":[],"class_list":{"0":"post-397","1":"product","2":"type-product","3":"status-publish","4":"has-post-thumbnail","6":"product_cat-chassis-nus","7":"product_cat-chassis-nus-paysage","8":"product_shipping_class-cole","10":"first","11":"instock","12":"purchasable","13":"product-type-simple"},"_links":{"self":[{"href":"https:\/\/toilesdefrance.com\/index.php?rest_route=\/wp\/v2\/product\/397"}],"collection":[{"href":"https:\/\/toilesdefrance.com\/index.php?rest_route=\/wp\/v2\/product"}],"about":[{"href":"https:\/\/toilesdefrance.com\/index.php?rest_route=\/wp\/v2\/types\/product"}],"replies":[{"embeddable":true,"href":"https:\/\/toilesdefrance.com\/index.php?rest_route=%2Fwp%2Fv2%2Fcomments&post=397"}],"wp:featuredmedia":[{"embeddable":true,"href":"https:\/\/toilesdefrance.com\/index.php?rest_route=\/wp\/v2\/media\/542"}],"wp:attachment":[{"href":"https:\/\/toilesdefrance.com\/index.php?rest_route=%2Fwp%2Fv2%2Fmedia&parent=397"}],"wp:term":[{"taxonomy":"product_cat","embeddable":true,"href":"https:\/\/toilesdefrance.com\/index.php?rest_route=%2Fwp%2Fv2%2Fproduct_cat&post=397"},{"taxonomy":"product_tag","embeddable":true,"href":"https:\/\/toilesdefrance.com\/index.php?rest_route=%2Fwp%2Fv2%2Fproduct_tag&post=397"}],"curies":[{"name":"wp","href":"https:\/\/api.w.org\/{rel}","templated":true}]}}