{"id":387,"date":"2016-09-19T12:53:36","date_gmt":"2016-09-19T11:53:36","guid":{"rendered":"http:\/\/wordpress2.toilesdefrance.com\/?post_type=product&#038;p=387"},"modified":"2023-02-27T21:09:02","modified_gmt":"2023-02-27T20:09:02","slug":"chassis-nus-f40-100x81cm","status":"publish","type":"product","link":"https:\/\/toilesdefrance.com\/?product=chassis-nus-f40-100x81cm","title":{"rendered":"Ch\u00e2ssis Nus F40 &#8211; 100x81cm"},"content":{"rendered":"<p>Ch\u00e2ssis nus de haute qualit\u00e9.<\/p>\n<p>Ch\u00e2ssis \u00e0 cl\u00e9s fabriqu\u00e9 en France.<\/p>\n<p>Bois de sapin section 2,4&#215;4,5cm<\/p>\n<p>deux entretoise (une croix).<\/p>\n<p>Pour vos formats\u00a0classiques!<\/p>\n","protected":false},"excerpt":{"rendered":"<p>Ch\u00e2ssis nus F40 &#8211; 100x81cm<\/p>\n","protected":false},"featured_media":543,"comment_status":"open","ping_status":"closed","template":"","meta":[],"product_cat":[19,20],"product_tag":[],"class_list":{"0":"post-387","1":"product","2":"type-product","3":"status-publish","4":"has-post-thumbnail","6":"product_cat-chassis-nus","7":"product_cat-chassis-nus-figure","8":"product_shipping_class-cole","10":"first","11":"instock","12":"purchasable","13":"product-type-simple"},"_links":{"self":[{"href":"https:\/\/toilesdefrance.com\/index.php?rest_route=\/wp\/v2\/product\/387"}],"collection":[{"href":"https:\/\/toilesdefrance.com\/index.php?rest_route=\/wp\/v2\/product"}],"about":[{"href":"https:\/\/toilesdefrance.com\/index.php?rest_route=\/wp\/v2\/types\/product"}],"replies":[{"embeddable":true,"href":"https:\/\/toilesdefrance.com\/index.php?rest_route=%2Fwp%2Fv2%2Fcomments&post=387"}],"wp:featuredmedia":[{"embeddable":true,"href":"https:\/\/toilesdefrance.com\/index.php?rest_route=\/wp\/v2\/media\/543"}],"wp:attachment":[{"href":"https:\/\/toilesdefrance.com\/index.php?rest_route=%2Fwp%2Fv2%2Fmedia&parent=387"}],"wp:term":[{"taxonomy":"product_cat","embeddable":true,"href":"https:\/\/toilesdefrance.com\/index.php?rest_route=%2Fwp%2Fv2%2Fproduct_cat&post=387"},{"taxonomy":"product_tag","embeddable":true,"href":"https:\/\/toilesdefrance.com\/index.php?rest_route=%2Fwp%2Fv2%2Fproduct_tag&post=387"}],"curies":[{"name":"wp","href":"https:\/\/api.w.org\/{rel}","templated":true}]}}