{"id":331,"date":"2016-09-18T21:25:22","date_gmt":"2016-09-18T20:25:22","guid":{"rendered":"http:\/\/wordpress2.toilesdefrance.com\/?post_type=product&#038;p=331"},"modified":"2023-02-27T20:55:56","modified_gmt":"2023-02-27T19:55:56","slug":"marine-80-146x89cm","status":"publish","type":"product","link":"https:\/\/toilesdefrance.com\/?product=marine-80-146x89cm","title":{"rendered":"Marine 80 &#8211; 146x89cm"},"content":{"rendered":"<p>Ch\u00e2ssis entoil\u00e9s de haute qualit\u00e9.<\/p>\n<p>Ch\u00e2ssis \u00e0 cl\u00e9s.<\/p>\n<p>Bois de sapin, section 2,8&#215;6,3 cm<\/p>\n<p>Deux entretoises (une croix).<\/p>\n<p>Toile de lin 300gr\/m2, triple encollage, triple enduction.<\/p>\n<p>Agraf\u00e9e \u00e0 l\u2019arri\u00e8re.<\/p>\n<p>Fabriqu\u00e9 en France<\/p>\n<p><strong>Attention\u00a0: pour \u00e9viter la casse dans les transports, les grands formats (dont celui-ci) seront livr\u00e9s d\u00e9mont\u00e9s.<\/strong><\/p>\n<p>Afin de vous aider \u00e0 tendre vos toiles, nous avons cr\u00e9\u00e9 un tutoriel vid\u00e9o tr\u00e8s simple (2 minutes 30 en trois parties) visible sur ce lien\u00a0: <a href=\"https:\/\/www.youtube.com\/watch?v=GhZzOBQ7mQ4\">https:\/\/www.youtube.com\/watch?v=GhZzOBQ7mQ4<\/a><\/p>\n","protected":false},"excerpt":{"rendered":"<p>Marine 80 &#8211; 146x89cm<\/p>\n","protected":false},"featured_media":471,"comment_status":"open","ping_status":"closed","template":"","meta":[],"product_cat":[8,11],"product_tag":[],"class_list":{"0":"post-331","1":"product","2":"type-product","3":"status-publish","4":"has-post-thumbnail","6":"product_cat-chassis-entoiles","7":"product_cat-marine","8":"product_shipping_class-cole","10":"first","11":"instock","12":"purchasable","13":"product-type-simple"},"_links":{"self":[{"href":"https:\/\/toilesdefrance.com\/index.php?rest_route=\/wp\/v2\/product\/331"}],"collection":[{"href":"https:\/\/toilesdefrance.com\/index.php?rest_route=\/wp\/v2\/product"}],"about":[{"href":"https:\/\/toilesdefrance.com\/index.php?rest_route=\/wp\/v2\/types\/product"}],"replies":[{"embeddable":true,"href":"https:\/\/toilesdefrance.com\/index.php?rest_route=%2Fwp%2Fv2%2Fcomments&post=331"}],"wp:featuredmedia":[{"embeddable":true,"href":"https:\/\/toilesdefrance.com\/index.php?rest_route=\/wp\/v2\/media\/471"}],"wp:attachment":[{"href":"https:\/\/toilesdefrance.com\/index.php?rest_route=%2Fwp%2Fv2%2Fmedia&parent=331"}],"wp:term":[{"taxonomy":"product_cat","embeddable":true,"href":"https:\/\/toilesdefrance.com\/index.php?rest_route=%2Fwp%2Fv2%2Fproduct_cat&post=331"},{"taxonomy":"product_tag","embeddable":true,"href":"https:\/\/toilesdefrance.com\/index.php?rest_route=%2Fwp%2Fv2%2Fproduct_tag&post=331"}],"curies":[{"name":"wp","href":"https:\/\/api.w.org\/{rel}","templated":true}]}}