{"id":328,"date":"2016-09-18T21:19:17","date_gmt":"2016-09-18T20:19:17","guid":{"rendered":"http:\/\/wordpress2.toilesdefrance.com\/?post_type=product&#038;p=328"},"modified":"2023-02-27T20:54:56","modified_gmt":"2023-02-27T19:54:56","slug":"marine-40-100x65cm","status":"publish","type":"product","link":"https:\/\/toilesdefrance.com\/?product=marine-40-100x65cm","title":{"rendered":"Marine 40 &#8211; 100x65cm"},"content":{"rendered":"<p>Ch\u00e2ssis entoil\u00e9s de haute qualit\u00e9.<\/p>\n<p>Ch\u00e2ssis \u00e0 cl\u00e9s.<\/p>\n<p>Bois de sapin, section 2,4&#215;4,5 cm<\/p>\n<p>Deux entretoises (une croix).<\/p>\n<p>Toile de lin 300gr\/m2, triple encollage, triple enduction.<\/p>\n<p>Agraf\u00e9e \u00e0 l\u2019arri\u00e8re.<\/p>\n<p>Fabriqu\u00e9 en France, pour tous vos formats\u00a0classiques.<\/p>\n","protected":false},"excerpt":{"rendered":"<p>Ch\u00e2ssis entoil\u00e9 Marine 40 &#8211; 100x65cm<\/p>\n","protected":false},"featured_media":471,"comment_status":"open","ping_status":"closed","template":"","meta":[],"product_cat":[8,11],"product_tag":[],"class_list":{"0":"post-328","1":"product","2":"type-product","3":"status-publish","4":"has-post-thumbnail","6":"product_cat-chassis-entoiles","7":"product_cat-marine","8":"product_shipping_class-cole","10":"first","11":"instock","12":"purchasable","13":"product-type-simple"},"_links":{"self":[{"href":"https:\/\/toilesdefrance.com\/index.php?rest_route=\/wp\/v2\/product\/328"}],"collection":[{"href":"https:\/\/toilesdefrance.com\/index.php?rest_route=\/wp\/v2\/product"}],"about":[{"href":"https:\/\/toilesdefrance.com\/index.php?rest_route=\/wp\/v2\/types\/product"}],"replies":[{"embeddable":true,"href":"https:\/\/toilesdefrance.com\/index.php?rest_route=%2Fwp%2Fv2%2Fcomments&post=328"}],"wp:featuredmedia":[{"embeddable":true,"href":"https:\/\/toilesdefrance.com\/index.php?rest_route=\/wp\/v2\/media\/471"}],"wp:attachment":[{"href":"https:\/\/toilesdefrance.com\/index.php?rest_route=%2Fwp%2Fv2%2Fmedia&parent=328"}],"wp:term":[{"taxonomy":"product_cat","embeddable":true,"href":"https:\/\/toilesdefrance.com\/index.php?rest_route=%2Fwp%2Fv2%2Fproduct_cat&post=328"},{"taxonomy":"product_tag","embeddable":true,"href":"https:\/\/toilesdefrance.com\/index.php?rest_route=%2Fwp%2Fv2%2Fproduct_tag&post=328"}],"curies":[{"name":"wp","href":"https:\/\/api.w.org\/{rel}","templated":true}]}}