{"id":283,"date":"2016-09-18T19:52:09","date_gmt":"2016-09-18T18:52:09","guid":{"rendered":"http:\/\/wordpress2.toilesdefrance.com\/?post_type=product&#038;p=283"},"modified":"2023-02-27T20:38:21","modified_gmt":"2023-02-27T19:38:21","slug":"figure-6-41x33cm","status":"publish","type":"product","link":"https:\/\/toilesdefrance.com\/?product=figure-6-41x33cm","title":{"rendered":"Figure 6 &#8211; 41x33cm"},"content":{"rendered":"<p>Ch\u00e2ssis entoil\u00e9s de haute qualit\u00e9.<\/p>\n<p>Ch\u00e2ssis \u00e0 cl\u00e9s.<\/p>\n<p>Bois de sapin, section 2,4&#215;4,5 cm<\/p>\n<p>Toile de lin 300gr\/m2, triple encollage, triple enduction.<\/p>\n<p>Agraf\u00e9e \u00e0 l\u2019arri\u00e8re.<\/p>\n<p>Fabriqu\u00e9 en France, pour tous vos petits formats\u00a0!<\/p>\n","protected":false},"excerpt":{"rendered":"<p>Ch\u00e2ssis entoil\u00e9 Figure 6 &#8211; 41x33cm<\/p>\n","protected":false},"featured_media":471,"comment_status":"open","ping_status":"closed","template":"","meta":[],"product_cat":[8,9],"product_tag":[],"class_list":{"0":"post-283","1":"product","2":"type-product","3":"status-publish","4":"has-post-thumbnail","6":"product_cat-chassis-entoiles","7":"product_cat-figure","8":"product_shipping_class-cole","10":"first","11":"instock","12":"purchasable","13":"product-type-simple"},"_links":{"self":[{"href":"https:\/\/toilesdefrance.com\/index.php?rest_route=\/wp\/v2\/product\/283"}],"collection":[{"href":"https:\/\/toilesdefrance.com\/index.php?rest_route=\/wp\/v2\/product"}],"about":[{"href":"https:\/\/toilesdefrance.com\/index.php?rest_route=\/wp\/v2\/types\/product"}],"replies":[{"embeddable":true,"href":"https:\/\/toilesdefrance.com\/index.php?rest_route=%2Fwp%2Fv2%2Fcomments&post=283"}],"wp:featuredmedia":[{"embeddable":true,"href":"https:\/\/toilesdefrance.com\/index.php?rest_route=\/wp\/v2\/media\/471"}],"wp:attachment":[{"href":"https:\/\/toilesdefrance.com\/index.php?rest_route=%2Fwp%2Fv2%2Fmedia&parent=283"}],"wp:term":[{"taxonomy":"product_cat","embeddable":true,"href":"https:\/\/toilesdefrance.com\/index.php?rest_route=%2Fwp%2Fv2%2Fproduct_cat&post=283"},{"taxonomy":"product_tag","embeddable":true,"href":"https:\/\/toilesdefrance.com\/index.php?rest_route=%2Fwp%2Fv2%2Fproduct_tag&post=283"}],"curies":[{"name":"wp","href":"https:\/\/api.w.org\/{rel}","templated":true}]}}