{"id":274,"date":"2016-09-18T18:41:42","date_gmt":"2016-09-18T17:41:42","guid":{"rendered":"http:\/\/wordpress2.toilesdefrance.com\/?post_type=product&#038;p=274"},"modified":"2016-10-04T11:56:58","modified_gmt":"2016-10-04T10:56:58","slug":"toile-de-lin-enduite-rouge-de-mars-300x210cm","status":"publish","type":"product","link":"https:\/\/toilesdefrance.com\/?product=toile-de-lin-enduite-rouge-de-mars-300x210cm","title":{"rendered":"Toile de lin enduite Rouge de Mars &#8211; 300x210cm"},"content":{"rendered":"<p>Id\u00e9al pour travailler avec les techniques des classiques \u00a0(imprimature), notre toile Gesso rouge de Mars.<\/p>\n<p>Notre toile de lin excellence se vend en rouleau et au m\u00e8tre, sur une longueur de trame de 2m10.<\/p>\n<p>Il s&rsquo;agit d&rsquo;un lin cultiv\u00e9 et tiss\u00e9 en France, d&rsquo;une grande qualit\u00e9, annobli et arras\u00e9 pour une toile de 300 grammes par m\u00e8tre carr\u00e9s.<\/p>\n<p>La toile est pr\u00e9par\u00e9e, trois couches d&rsquo;encollage et trois couches d&rsquo;enduction rouge de Mars.<\/p>\n","protected":false},"excerpt":{"rendered":"<p>Toile de lin blanche &#8211; 300x210cm<\/p>\n","protected":false},"featured_media":518,"comment_status":"open","ping_status":"closed","template":"","meta":[],"product_cat":[40,44],"product_tag":[],"class_list":{"0":"post-274","1":"product","2":"type-product","3":"status-publish","4":"has-post-thumbnail","6":"product_cat-toile-au-metre","7":"product_cat-toile-au-metre-rouge","8":"product_shipping_class-cole","10":"first","11":"instock","12":"taxable","13":"shipping-taxable","14":"purchasable","15":"product-type-simple"},"_links":{"self":[{"href":"https:\/\/toilesdefrance.com\/index.php?rest_route=\/wp\/v2\/product\/274"}],"collection":[{"href":"https:\/\/toilesdefrance.com\/index.php?rest_route=\/wp\/v2\/product"}],"about":[{"href":"https:\/\/toilesdefrance.com\/index.php?rest_route=\/wp\/v2\/types\/product"}],"replies":[{"embeddable":true,"href":"https:\/\/toilesdefrance.com\/index.php?rest_route=%2Fwp%2Fv2%2Fcomments&post=274"}],"wp:featuredmedia":[{"embeddable":true,"href":"https:\/\/toilesdefrance.com\/index.php?rest_route=\/wp\/v2\/media\/518"}],"wp:attachment":[{"href":"https:\/\/toilesdefrance.com\/index.php?rest_route=%2Fwp%2Fv2%2Fmedia&parent=274"}],"wp:term":[{"taxonomy":"product_cat","embeddable":true,"href":"https:\/\/toilesdefrance.com\/index.php?rest_route=%2Fwp%2Fv2%2Fproduct_cat&post=274"},{"taxonomy":"product_tag","embeddable":true,"href":"https:\/\/toilesdefrance.com\/index.php?rest_route=%2Fwp%2Fv2%2Fproduct_tag&post=274"}],"curies":[{"name":"wp","href":"https:\/\/api.w.org\/{rel}","templated":true}]}}