{"id":256,"date":"2016-09-18T18:09:36","date_gmt":"2016-09-18T17:09:36","guid":{"rendered":"http:\/\/wordpress2.toilesdefrance.com\/?post_type=product&#038;p=256"},"modified":"2024-10-16T15:51:52","modified_gmt":"2024-10-16T14:51:52","slug":"toile-de-lin-blanche-600x210cm","status":"publish","type":"product","link":"https:\/\/toilesdefrance.com\/?product=toile-de-lin-blanche-600x210cm","title":{"rendered":"Toile de lin blanche &#8211; 600x210cm"},"content":{"rendered":"<p>Notre toile de lin excellence se vend en rouleau et au m\u00e8tre, sur une longueur de trame de 2m10.<\/p>\n<p>Il s&rsquo;agit d&rsquo;un lin cultiv\u00e9 et tiss\u00e9 en France, d&rsquo;une grande qualit\u00e9, annobli et arras\u00e9 pour une toile de 300 grammes par m\u00e8tre carr\u00e9s.<\/p>\n<p>La toile est pr\u00e9par\u00e9e, trois couches d&rsquo;encollage et trois couches d&rsquo;enduction blanche.<\/p>\n","protected":false},"excerpt":{"rendered":"<p>Toile de lin blanche &#8211; 600x210cm<\/p>\n","protected":false},"featured_media":526,"comment_status":"open","ping_status":"closed","template":"","meta":[],"product_cat":[40,43],"product_tag":[],"class_list":{"0":"post-256","1":"product","2":"type-product","3":"status-publish","4":"has-post-thumbnail","6":"product_cat-toile-au-metre","7":"product_cat-toile-au-metre-enduite","8":"product_shipping_class-cole","10":"first","11":"instock","12":"taxable","13":"shipping-taxable","14":"purchasable","15":"product-type-simple"},"_links":{"self":[{"href":"https:\/\/toilesdefrance.com\/index.php?rest_route=\/wp\/v2\/product\/256"}],"collection":[{"href":"https:\/\/toilesdefrance.com\/index.php?rest_route=\/wp\/v2\/product"}],"about":[{"href":"https:\/\/toilesdefrance.com\/index.php?rest_route=\/wp\/v2\/types\/product"}],"replies":[{"embeddable":true,"href":"https:\/\/toilesdefrance.com\/index.php?rest_route=%2Fwp%2Fv2%2Fcomments&post=256"}],"wp:featuredmedia":[{"embeddable":true,"href":"https:\/\/toilesdefrance.com\/index.php?rest_route=\/wp\/v2\/media\/526"}],"wp:attachment":[{"href":"https:\/\/toilesdefrance.com\/index.php?rest_route=%2Fwp%2Fv2%2Fmedia&parent=256"}],"wp:term":[{"taxonomy":"product_cat","embeddable":true,"href":"https:\/\/toilesdefrance.com\/index.php?rest_route=%2Fwp%2Fv2%2Fproduct_cat&post=256"},{"taxonomy":"product_tag","embeddable":true,"href":"https:\/\/toilesdefrance.com\/index.php?rest_route=%2Fwp%2Fv2%2Fproduct_tag&post=256"}],"curies":[{"name":"wp","href":"https:\/\/api.w.org\/{rel}","templated":true}]}}