{"id":250,"date":"2016-09-18T17:53:06","date_gmt":"2016-09-18T16:53:06","guid":{"rendered":"http:\/\/wordpress2.toilesdefrance.com\/?post_type=product&#038;p=250"},"modified":"2025-05-19T04:03:27","modified_gmt":"2025-05-19T03:03:27","slug":"colle-pour-toile-de-lin-3-litres","status":"publish","type":"product","link":"https:\/\/toilesdefrance.com\/?product=colle-pour-toile-de-lin-3-litres","title":{"rendered":"Colle pour toile de lin &#8211; 3 litres"},"content":{"rendered":"<p>Notre colle pour toile vous permettra de pr\u00e9parer vos toiles pour l&rsquo;enduction.<\/p>\n<p>Id\u00e9ale pour boucher les mailles du lin avant le passage du Gesso Toiles de France.<\/p>\n<p>Il s&rsquo;agit d&rsquo;une colle polyvinyle \u00e0 application rapide. Ses propri\u00e9t\u00e9s r\u00e9versibles permettent la grande mal\u00e9abilit\u00e9 de la toile aux \u00e9carts de temp\u00e9ratures et aux chocs que la toile pourrait recevoir.<\/p>\n<p>Notre colle s&rsquo;applique en 3 couches, \u00e0 4 heures d&rsquo;intervalles.<\/p>\n","protected":false},"excerpt":{"rendered":"<p>Colle de pr\u00e9paration pour l&rsquo;enduction du lin<\/p>\n","protected":false},"featured_media":521,"comment_status":"open","ping_status":"closed","template":"","meta":[],"product_cat":[36,37],"product_tag":[],"class_list":{"0":"post-250","1":"product","2":"type-product","3":"status-publish","4":"has-post-thumbnail","6":"product_cat-colle-et-enduits","7":"product_cat-colle-toiles-de-france","8":"product_shipping_class-cole","10":"first","11":"instock","12":"taxable","13":"shipping-taxable","14":"purchasable","15":"product-type-simple"},"_links":{"self":[{"href":"https:\/\/toilesdefrance.com\/index.php?rest_route=\/wp\/v2\/product\/250"}],"collection":[{"href":"https:\/\/toilesdefrance.com\/index.php?rest_route=\/wp\/v2\/product"}],"about":[{"href":"https:\/\/toilesdefrance.com\/index.php?rest_route=\/wp\/v2\/types\/product"}],"replies":[{"embeddable":true,"href":"https:\/\/toilesdefrance.com\/index.php?rest_route=%2Fwp%2Fv2%2Fcomments&post=250"}],"wp:featuredmedia":[{"embeddable":true,"href":"https:\/\/toilesdefrance.com\/index.php?rest_route=\/wp\/v2\/media\/521"}],"wp:attachment":[{"href":"https:\/\/toilesdefrance.com\/index.php?rest_route=%2Fwp%2Fv2%2Fmedia&parent=250"}],"wp:term":[{"taxonomy":"product_cat","embeddable":true,"href":"https:\/\/toilesdefrance.com\/index.php?rest_route=%2Fwp%2Fv2%2Fproduct_cat&post=250"},{"taxonomy":"product_tag","embeddable":true,"href":"https:\/\/toilesdefrance.com\/index.php?rest_route=%2Fwp%2Fv2%2Fproduct_tag&post=250"}],"curies":[{"name":"wp","href":"https:\/\/api.w.org\/{rel}","templated":true}]}}