{"id":248,"date":"2016-09-18T17:12:31","date_gmt":"2016-09-18T16:12:31","guid":{"rendered":"http:\/\/wordpress2.toilesdefrance.com\/?post_type=product&#038;p=248"},"modified":"2019-08-27T09:31:04","modified_gmt":"2019-08-27T08:31:04","slug":"appret-blanc-gesso-5-litres","status":"publish","type":"product","link":"https:\/\/toilesdefrance.com\/?product=appret-blanc-gesso-5-litres","title":{"rendered":"Appr\u00eat Blanc Gesso &#8211; 3 litres"},"content":{"rendered":"<p>Notre Gesso est un enduit acrylique blanc de haute qualit\u00e9.<\/p>\n<p>Sa tr\u00e9s bonne r\u00e9sistance ainsi que sa grande \u00e9lasticit\u00e9 garantissent \u00e0 tous vos travaux, huile ou acrylique, un excellent passage dans le temps.<\/p>\n<p>Ses propri\u00e9t\u00e9s chimiques comme la dilution \u00e0 l&rsquo;eau, ainsi que son fini tendu, assurent une finesse d&rsquo;aplat \u00e0 la mesure de vos d\u00e9sirs.<\/p>\n<p>Sec en 1 heure en surface, espacez les couches de 8 heures pour une parfaite utilisation.<\/p>\n","protected":false},"excerpt":{"rendered":"<p>Enduit acrylique blanc de haute qualit\u00e9.<\/p>\n","protected":false},"featured_media":515,"comment_status":"open","ping_status":"closed","template":"","meta":[],"product_cat":[36,38],"product_tag":[],"class_list":{"0":"post-248","1":"product","2":"type-product","3":"status-publish","4":"has-post-thumbnail","6":"product_cat-colle-et-enduits","7":"product_cat-appret-blanc-toiles-de-france","8":"product_shipping_class-cole","10":"first","11":"instock","12":"taxable","13":"shipping-taxable","14":"purchasable","15":"product-type-simple"},"_links":{"self":[{"href":"https:\/\/toilesdefrance.com\/index.php?rest_route=\/wp\/v2\/product\/248"}],"collection":[{"href":"https:\/\/toilesdefrance.com\/index.php?rest_route=\/wp\/v2\/product"}],"about":[{"href":"https:\/\/toilesdefrance.com\/index.php?rest_route=\/wp\/v2\/types\/product"}],"replies":[{"embeddable":true,"href":"https:\/\/toilesdefrance.com\/index.php?rest_route=%2Fwp%2Fv2%2Fcomments&post=248"}],"wp:featuredmedia":[{"embeddable":true,"href":"https:\/\/toilesdefrance.com\/index.php?rest_route=\/wp\/v2\/media\/515"}],"wp:attachment":[{"href":"https:\/\/toilesdefrance.com\/index.php?rest_route=%2Fwp%2Fv2%2Fmedia&parent=248"}],"wp:term":[{"taxonomy":"product_cat","embeddable":true,"href":"https:\/\/toilesdefrance.com\/index.php?rest_route=%2Fwp%2Fv2%2Fproduct_cat&post=248"},{"taxonomy":"product_tag","embeddable":true,"href":"https:\/\/toilesdefrance.com\/index.php?rest_route=%2Fwp%2Fv2%2Fproduct_tag&post=248"}],"curies":[{"name":"wp","href":"https:\/\/api.w.org\/{rel}","templated":true}]}}