{"id":178,"date":"2016-09-17T23:15:44","date_gmt":"2016-09-17T22:15:44","guid":{"rendered":"http:\/\/wordpress2.toilesdefrance.com\/?post_type=product&#038;p=178"},"modified":"2023-02-28T21:30:10","modified_gmt":"2023-02-28T20:30:10","slug":"chassis-nus-grands-formats-80x100cm","status":"publish","type":"product","link":"https:\/\/toilesdefrance.com\/?product=chassis-nus-grands-formats-80x100cm","title":{"rendered":"Ch\u00e2ssis Nus Grands Formats &#8211; 80x100cm"},"content":{"rendered":"<p>Ch\u00e2ssis nus de haute qualit\u00e9.<\/p>\n<p>Ch\u00e2ssis \u00e0 cl\u00e9s fabriqu\u00e9 en France.<\/p>\n<p>Bois de sapin section 2,4&#215;4,5cm<\/p>\n<p>deux entretoise (une croix).<\/p>\n<p>Pour vos formats\u00a0classiques!<\/p>\n","protected":false},"excerpt":{"rendered":"<p>Ch\u00e2ssis Nus Grands Formats &#8211; 80x100cm<\/p>\n","protected":false},"featured_media":543,"comment_status":"open","ping_status":"closed","template":"","meta":[],"product_cat":[19,27],"product_tag":[],"class_list":{"0":"post-178","1":"product","2":"type-product","3":"status-publish","4":"has-post-thumbnail","6":"product_cat-chassis-nus","7":"product_cat-chassis-nus-grands-formats","8":"product_shipping_class-cole","10":"first","11":"instock","12":"purchasable","13":"product-type-simple"},"_links":{"self":[{"href":"https:\/\/toilesdefrance.com\/index.php?rest_route=\/wp\/v2\/product\/178"}],"collection":[{"href":"https:\/\/toilesdefrance.com\/index.php?rest_route=\/wp\/v2\/product"}],"about":[{"href":"https:\/\/toilesdefrance.com\/index.php?rest_route=\/wp\/v2\/types\/product"}],"replies":[{"embeddable":true,"href":"https:\/\/toilesdefrance.com\/index.php?rest_route=%2Fwp%2Fv2%2Fcomments&post=178"}],"wp:featuredmedia":[{"embeddable":true,"href":"https:\/\/toilesdefrance.com\/index.php?rest_route=\/wp\/v2\/media\/543"}],"wp:attachment":[{"href":"https:\/\/toilesdefrance.com\/index.php?rest_route=%2Fwp%2Fv2%2Fmedia&parent=178"}],"wp:term":[{"taxonomy":"product_cat","embeddable":true,"href":"https:\/\/toilesdefrance.com\/index.php?rest_route=%2Fwp%2Fv2%2Fproduct_cat&post=178"},{"taxonomy":"product_tag","embeddable":true,"href":"https:\/\/toilesdefrance.com\/index.php?rest_route=%2Fwp%2Fv2%2Fproduct_tag&post=178"}],"curies":[{"name":"wp","href":"https:\/\/api.w.org\/{rel}","templated":true}]}}