{"id":1122,"date":"2016-10-20T15:13:26","date_gmt":"2016-10-20T14:13:26","guid":{"rendered":"http:\/\/toilesdefrance.com\/?post_type=product&#038;p=1122"},"modified":"2016-10-20T15:13:26","modified_gmt":"2016-10-20T14:13:26","slug":"grands-formats-extra-lisse-rouge-6couches-80x100cm","status":"publish","type":"product","link":"https:\/\/toilesdefrance.com\/?product=grands-formats-extra-lisse-rouge-6couches-80x100cm","title":{"rendered":"Grands Formats Extra Lisse Rouge (6couches) 80x100cm"},"content":{"rendered":"<p>Fabrication artisanale de haute qualit\u00e9<br \/>\nCh\u00e2ssis \u00e0 cl\u00e9s<br \/>\nBois de sapin, section 2,4&#215;4,5 cm<br \/>\nDeux entretoises (croix)<br \/>\nToile de lin 300gr\/m2, triple encollage, six couches d\u2019enduction rouge et pon\u00e7age<br \/>\nFixation \u00e0 l\u2019arri\u00e8re du ch\u00e2ssis par agrafes<br \/>\nFabriqu\u00e9 en France dans notre atelier<\/p>\n","protected":false},"excerpt":{"rendered":"<p>Grands Formats Extra Lisse Rouge (6couches) 80x100cm<\/p>\n","protected":false},"featured_media":663,"comment_status":"open","ping_status":"closed","template":"","meta":[],"product_cat":[71,74],"product_tag":[],"class_list":{"0":"post-1122","1":"product","2":"type-product","3":"status-publish","4":"has-post-thumbnail","6":"product_cat-chassis-entoiles-rouge-extra-lisse-6-couches","7":"product_cat-grands-formats-extra-lisses-rouge-6-couches","8":"product_shipping_class-cole","10":"first","11":"instock","12":"purchasable","13":"product-type-simple"},"_links":{"self":[{"href":"https:\/\/toilesdefrance.com\/index.php?rest_route=\/wp\/v2\/product\/1122"}],"collection":[{"href":"https:\/\/toilesdefrance.com\/index.php?rest_route=\/wp\/v2\/product"}],"about":[{"href":"https:\/\/toilesdefrance.com\/index.php?rest_route=\/wp\/v2\/types\/product"}],"replies":[{"embeddable":true,"href":"https:\/\/toilesdefrance.com\/index.php?rest_route=%2Fwp%2Fv2%2Fcomments&post=1122"}],"wp:featuredmedia":[{"embeddable":true,"href":"https:\/\/toilesdefrance.com\/index.php?rest_route=\/wp\/v2\/media\/663"}],"wp:attachment":[{"href":"https:\/\/toilesdefrance.com\/index.php?rest_route=%2Fwp%2Fv2%2Fmedia&parent=1122"}],"wp:term":[{"taxonomy":"product_cat","embeddable":true,"href":"https:\/\/toilesdefrance.com\/index.php?rest_route=%2Fwp%2Fv2%2Fproduct_cat&post=1122"},{"taxonomy":"product_tag","embeddable":true,"href":"https:\/\/toilesdefrance.com\/index.php?rest_route=%2Fwp%2Fv2%2Fproduct_tag&post=1122"}],"curies":[{"name":"wp","href":"https:\/\/api.w.org\/{rel}","templated":true}]}}