{"id":1005,"date":"2016-10-18T16:20:19","date_gmt":"2016-10-18T15:20:19","guid":{"rendered":"http:\/\/toilesdefrance.com\/?post_type=product&#038;p=1005"},"modified":"2016-10-19T15:04:39","modified_gmt":"2016-10-19T14:04:39","slug":"figure-25-extra-lisse-rouge-6-couches-81x65cm","status":"publish","type":"product","link":"https:\/\/toilesdefrance.com\/?product=figure-25-extra-lisse-rouge-6-couches-81x65cm","title":{"rendered":"Figure 25 Extra-Lisse Rouge (6 couches) 81x65cm"},"content":{"rendered":"<p>Ch\u00e2ssis entoil\u00e9s de haute qualit\u00e9.<br \/>\nCh\u00e2ssis \u00e0 cl\u00e9s.<br \/>\nBois de sapin, section 2,4&#215;4,5 cm<br \/>\nUne entretoise<br \/>\nToile de lin 300gr\/m2, triple encollage, triple encollage,  six enductions rouge au sabre et pon\u00e7age.<br \/>\nAgraf\u00e9e \u00e0 l\u2019arri\u00e8re.<br \/>\nFabriqu\u00e9 en France, pour tous vos formats classiques.<\/p>\n","protected":false},"excerpt":{"rendered":"<p>Figure 25 Extra-Lisse Rouge (6 couches) 81x65cm<\/p>\n","protected":false},"featured_media":663,"comment_status":"open","ping_status":"closed","template":"","meta":[],"product_cat":[71,80],"product_tag":[],"class_list":{"0":"post-1005","1":"product","2":"type-product","3":"status-publish","4":"has-post-thumbnail","6":"product_cat-chassis-entoiles-rouge-extra-lisse-6-couches","7":"product_cat-figure-extras-lisses-rouge-6-couches","8":"product_shipping_class-cole","10":"first","11":"instock","12":"purchasable","13":"product-type-simple"},"_links":{"self":[{"href":"https:\/\/toilesdefrance.com\/index.php?rest_route=\/wp\/v2\/product\/1005"}],"collection":[{"href":"https:\/\/toilesdefrance.com\/index.php?rest_route=\/wp\/v2\/product"}],"about":[{"href":"https:\/\/toilesdefrance.com\/index.php?rest_route=\/wp\/v2\/types\/product"}],"replies":[{"embeddable":true,"href":"https:\/\/toilesdefrance.com\/index.php?rest_route=%2Fwp%2Fv2%2Fcomments&post=1005"}],"wp:featuredmedia":[{"embeddable":true,"href":"https:\/\/toilesdefrance.com\/index.php?rest_route=\/wp\/v2\/media\/663"}],"wp:attachment":[{"href":"https:\/\/toilesdefrance.com\/index.php?rest_route=%2Fwp%2Fv2%2Fmedia&parent=1005"}],"wp:term":[{"taxonomy":"product_cat","embeddable":true,"href":"https:\/\/toilesdefrance.com\/index.php?rest_route=%2Fwp%2Fv2%2Fproduct_cat&post=1005"},{"taxonomy":"product_tag","embeddable":true,"href":"https:\/\/toilesdefrance.com\/index.php?rest_route=%2Fwp%2Fv2%2Fproduct_tag&post=1005"}],"curies":[{"name":"wp","href":"https:\/\/api.w.org\/{rel}","templated":true}]}}