{"id":577,"date":"2016-09-27T13:55:08","date_gmt":"2016-09-27T12:55:08","guid":{"rendered":"http:\/\/wordpress2.toilesdefrance.com\/?page_id=577"},"modified":"2016-09-28T13:53:05","modified_gmt":"2016-09-28T12:53:05","slug":"nous-contacter","status":"publish","type":"page","link":"https:\/\/toilesdefrance.com\/?page_id=577","title":{"rendered":"Contactez-nous"},"content":{"rendered":"<p>Pour toutes vos questions, ou simplement pour vos demandes les plus particuli\u00e8res, n&rsquo;h\u00e9sitez pas \u00e0 nous contacter.<\/p>\n<p>Nous attachons une grande importance aux demandes sp\u00e9cifiques de chacun de nos clients. Nous reconnaissons le travail artistique et nous adaptons \u00e0 vos formats les plus sp\u00e9ciaux afin de vous satisfaire au mieux.<\/p>\n<p>Nous \u00e9changeons avec nos artistes, afin de nous am\u00e9liorer.<\/p>\n<p>&nbsp;<\/p>\n","protected":false},"excerpt":{"rendered":"<p>Pour toutes vos questions, ou simplement pour vos demandes les plus particuli\u00e8res, n&rsquo;h\u00e9sitez pas \u00e0 nous contacter. Nous attachons une grande importance aux demandes sp\u00e9cifiques de chacun de nos clients. Nous reconnaissons le travail artistique et nous adaptons \u00e0 vos formats les plus sp\u00e9ciaux afin de vous satisfaire au mieux. Nous \u00e9changeons avec nos artistes, [&hellip;]<\/p>\n","protected":false},"author":1,"featured_media":0,"parent":0,"menu_order":0,"comment_status":"closed","ping_status":"closed","template":"template-contact.php","meta":{"footnotes":""},"class_list":["post-577","page","type-page","status-publish","hentry"],"_links":{"self":[{"href":"https:\/\/toilesdefrance.com\/index.php?rest_route=\/wp\/v2\/pages\/577"}],"collection":[{"href":"https:\/\/toilesdefrance.com\/index.php?rest_route=\/wp\/v2\/pages"}],"about":[{"href":"https:\/\/toilesdefrance.com\/index.php?rest_route=\/wp\/v2\/types\/page"}],"author":[{"embeddable":true,"href":"https:\/\/toilesdefrance.com\/index.php?rest_route=\/wp\/v2\/users\/1"}],"replies":[{"embeddable":true,"href":"https:\/\/toilesdefrance.com\/index.php?rest_route=%2Fwp%2Fv2%2Fcomments&post=577"}],"version-history":[{"count":5,"href":"https:\/\/toilesdefrance.com\/index.php?rest_route=\/wp\/v2\/pages\/577\/revisions"}],"predecessor-version":[{"id":616,"href":"https:\/\/toilesdefrance.com\/index.php?rest_route=\/wp\/v2\/pages\/577\/revisions\/616"}],"wp:attachment":[{"href":"https:\/\/toilesdefrance.com\/index.php?rest_route=%2Fwp%2Fv2%2Fmedia&parent=577"}],"curies":[{"name":"wp","href":"https:\/\/api.w.org\/{rel}","templated":true}]}}