{"id":18,"date":"2016-09-16T14:33:07","date_gmt":"2016-09-16T13:33:07","guid":{"rendered":"http:\/\/wordpress2.toilesdefrance.com\/?page_id=18"},"modified":"2016-09-29T19:51:13","modified_gmt":"2016-09-29T18:51:13","slug":"qui-sommes-nous","status":"publish","type":"page","link":"https:\/\/toilesdefrance.com\/?page_id=18","title":{"rendered":"Qui sommes nous?"},"content":{"rendered":"<p><img loading=\"lazy\" decoding=\"async\" class=\" wp-image-627 alignleft\" src=\"http:\/\/wordpress2.toilesdefrance.com\/wp-content\/uploads\/2016\/09\/thumb_Philippe_Pujo_Atelier-10_1024-1-300x300.jpg\" alt=\"thumb_philippe_pujo_atelier-10_1024\" width=\"418\" height=\"418\" srcset=\"https:\/\/toilesdefrance.com\/wp-content\/uploads\/2016\/09\/thumb_Philippe_Pujo_Atelier-10_1024-1-300x300.jpg 300w, https:\/\/toilesdefrance.com\/wp-content\/uploads\/2016\/09\/thumb_Philippe_Pujo_Atelier-10_1024-1-100x100.jpg 100w, https:\/\/toilesdefrance.com\/wp-content\/uploads\/2016\/09\/thumb_Philippe_Pujo_Atelier-10_1024-1-600x600.jpg 600w, https:\/\/toilesdefrance.com\/wp-content\/uploads\/2016\/09\/thumb_Philippe_Pujo_Atelier-10_1024-1-150x150.jpg 150w, https:\/\/toilesdefrance.com\/wp-content\/uploads\/2016\/09\/thumb_Philippe_Pujo_Atelier-10_1024-1-768x768.jpg 768w, https:\/\/toilesdefrance.com\/wp-content\/uploads\/2016\/09\/thumb_Philippe_Pujo_Atelier-10_1024-1-180x180.jpg 180w, https:\/\/toilesdefrance.com\/wp-content\/uploads\/2016\/09\/thumb_Philippe_Pujo_Atelier-10_1024-1.jpg 1024w\" sizes=\"(max-width: 418px) 100vw, 418px\" \/><\/p>\n<p>Toiles de France d\u00e9veloppe et fabrique ses toiles depuis 2009.<\/p>\n<p>L\u2019id\u00e9e de cr\u00e9er pour les artistes des m\u00e9diums\u00a0de qualit\u00e9 \u00e0 muri dans la t\u00eate de Philippe Pujo (cr\u00e9ateur de l\u2019entreprise) qui, \u00e0 cette \u00e9poque, \u00e9tait \u00e0 la recherche de produits r\u00e9pondant \u00e0 ses attentes d\u2019artiste peintre.<\/p>\n<p>Apr\u00e8s un long travail d\u2019apprentissage de techniques traditionnelles, d\u2019enductions, d&rsquo;usinage du bois, de recherche toujours plus pointilleuse quant \u00e0 la qualit\u00e9 des mat\u00e9riaux utilis\u00e9s, sont n\u00e9s les ch\u00e2ssis Toiles de France. C\u2019est alors que la commercialisation de ces produits s\u2019est impos\u00e9e \u00e0 lui naturellement.<\/p>\n<p>Aujourd\u2019hui, Toiles de France est fi\u00e8re de proposer \u00e0 ses clients des toiles de qualit\u00e9, aux formats standards mais aussi sur mesure, et surtout \u00ab\u00a0<strong>made in France\u00a0<\/strong>\u00bb\u00a0!<\/p>\n<p>Nous avons fait de l\u2019\u00e9coute de nos clients une priorit\u00e9, ce qui nous \u00e0 permis de cr\u00e9er avec ceux-ci une relation de confiance afin de satisfaire leurs attentes.<\/p>\n<p>Et c\u2019est toujours dans cette recherche de satisfaction que nous avons d\u00e9cid\u00e9 de cr\u00e9er la boutique en ligne pour permettre \u00e0 nos clients une plus grande facilit\u00e9 et rapidit\u00e9 de commande.<\/p>\n<p>Toiles de France au service de votre cr\u00e9ativit\u00e9!<\/p>\n<p><img loading=\"lazy\" decoding=\"async\" class=\"alignnone wp-image-612\" src=\"http:\/\/wordpress2.toilesdefrance.com\/wp-content\/uploads\/2016\/09\/chassis-1-300x225.jpg\" alt=\"chassis-1\" width=\"863\" height=\"648\" srcset=\"https:\/\/toilesdefrance.com\/wp-content\/uploads\/2016\/09\/chassis-1-300x225.jpg 300w, https:\/\/toilesdefrance.com\/wp-content\/uploads\/2016\/09\/chassis-1-600x450.jpg 600w, https:\/\/toilesdefrance.com\/wp-content\/uploads\/2016\/09\/chassis-1-768x576.jpg 768w, https:\/\/toilesdefrance.com\/wp-content\/uploads\/2016\/09\/chassis-1.jpg 1024w\" sizes=\"(max-width: 863px) 100vw, 863px\" \/><\/p>\n","protected":false},"excerpt":{"rendered":"<p>Toiles de France d\u00e9veloppe et fabrique ses toiles depuis 2009. L\u2019id\u00e9e de cr\u00e9er pour les artistes des m\u00e9diums\u00a0de qualit\u00e9 \u00e0 muri dans la t\u00eate de Philippe Pujo (cr\u00e9ateur de l\u2019entreprise) qui, \u00e0 cette \u00e9poque, \u00e9tait \u00e0 la recherche de produits r\u00e9pondant \u00e0 ses attentes d\u2019artiste peintre. Apr\u00e8s un long travail d\u2019apprentissage de techniques traditionnelles, d\u2019enductions, [&hellip;]<\/p>\n","protected":false},"author":1,"featured_media":0,"parent":0,"menu_order":0,"comment_status":"closed","ping_status":"closed","template":"","meta":{"footnotes":""},"class_list":["post-18","page","type-page","status-publish","hentry"],"_links":{"self":[{"href":"https:\/\/toilesdefrance.com\/index.php?rest_route=\/wp\/v2\/pages\/18"}],"collection":[{"href":"https:\/\/toilesdefrance.com\/index.php?rest_route=\/wp\/v2\/pages"}],"about":[{"href":"https:\/\/toilesdefrance.com\/index.php?rest_route=\/wp\/v2\/types\/page"}],"author":[{"embeddable":true,"href":"https:\/\/toilesdefrance.com\/index.php?rest_route=\/wp\/v2\/users\/1"}],"replies":[{"embeddable":true,"href":"https:\/\/toilesdefrance.com\/index.php?rest_route=%2Fwp%2Fv2%2Fcomments&post=18"}],"version-history":[{"count":12,"href":"https:\/\/toilesdefrance.com\/index.php?rest_route=\/wp\/v2\/pages\/18\/revisions"}],"predecessor-version":[{"id":632,"href":"https:\/\/toilesdefrance.com\/index.php?rest_route=\/wp\/v2\/pages\/18\/revisions\/632"}],"wp:attachment":[{"href":"https:\/\/toilesdefrance.com\/index.php?rest_route=%2Fwp%2Fv2%2Fmedia&parent=18"}],"curies":[{"name":"wp","href":"https:\/\/api.w.org\/{rel}","templated":true}]}}